	



	
{"id":634,"date":"2024-08-01T09:32:45","date_gmt":"2024-08-01T07:32:45","guid":{"rendered":"https:\/\/replicadoskitweb.webs.fococonsultores.es\/?page_id=634"},"modified":"2024-08-01T09:32:46","modified_gmt":"2024-08-01T07:32:46","slug":"declaracion-de-accesibilidad","status":"publish","type":"page","link":"https:\/\/priegofont.es\/index.php\/declaracion-de-accesibilidad\/","title":{"rendered":"Declaraci\u00f3n de Accesibilidad"},"content":{"rendered":"\n<div style=\"height:4vh\" aria-hidden=\"true\" class=\"wp-block-spacer\"><\/div>\n\n\n<div class=\"yoast-breadcrumbs\"><span><span><a href=\"https:\/\/priegofont.es\/\">Portada<\/a> \u00bb <span class=\"breadcrumb_last\" aria-current=\"page\">Declaraci\u00f3n de Accesibilidad<\/span><\/span><\/span><\/div>\n\n\n<h1 class=\"has-large-font-size\"><strong>Declaraci\u00f3n de Accesibilidad<\/strong><\/h1>\n\n\n\n<p><strong>PRIEGOFONT 2020 SL<\/strong> se ha comprometido a hacer accesibles sus sitios web de conformidad con el <a href=\"https:\/\/www.boe.es\/buscar\/act.php?id=BOE-A-2018-12699\">Real Decreto 1112\/2018, de 7 de septiembre<\/a>, sobre accesibilidad de los sitios web y aplicaciones para dispositivos m\u00f3viles del sector p\u00fablico (en adelante, Real Decreto 1112\/2018, de 7 de septiembre).<\/p>\n\n\n\n<p>La presente declaraci\u00f3n de accesibilidad se aplica al sitio web <strong><a href=\"https:\/\/priegofont.es\">https:\/\/priegofont.es<\/a><\/strong><\/p>\n\n\n\n<h2><strong>Situaci\u00f3n de cumplimiento<\/strong><\/h2>\n\n\n\n<p>Este sitio web es <strong>parcialmente conforme<\/strong> con el Real Decreto 1112\/2018, de 7 de septiembre, debido a la falta de conformidad de los aspectos que se indican a continuaci\u00f3n.<\/p>\n\n\n\n<h2><strong>Contenido no accesible<\/strong><\/h2>\n\n\n\n<p>El contenido que se recoge a continuaci\u00f3n no es accesible por lo siguiente:<\/p>\n\n\n\n<ol>\n<li>Debido al uso de un gestor de contenidos (WordPress) que no puede garantizar que los distintos usuarios que editan los contenidos cumplan todas las normas de accesibilidad, por lo no se puede garantizar que contenidos editados o a\u00f1adidos pasada la auditor\u00eda (1\/08\/2024) sean conformes con las WCAG 2.1 de manera puntual. En cualquier caso, tenemos el compromiso de solucionar estos posibles problemas que nos sean notificados.<\/li>\n\n\n\n<li>Tanto herramienta de autor utilizada (CMS WordPress) como la plantilla utilizada para el desarrollo de este sitio Web, permite la creaci\u00f3n de contenidos accesibles, pero no gu\u00eda ni audita el contenido de forma autom\u00e1tica antes de su publicaci\u00f3n.<\/li>\n\n\n\n<li>Carga desproporcionada: No resulta aplicable.<\/li>\n\n\n\n<li>El contenido no entra dentro del \u00e1mbito de la legislaci\u00f3n aplicable:\n<ul>\n<li>Mapa externo con la localizaci\u00f3n del establecimiento, pero se ofrece informaci\u00f3n textual en p\u00e1gina con la localizaci\u00f3n del mismo.<\/li>\n<\/ul>\n<\/li>\n<\/ol>\n\n\n\n<h2><strong>Preparaci\u00f3n de la presente declaraci\u00f3n de accesibilidad<\/strong><\/h2>\n\n\n\n<p>La presente declaraci\u00f3n fue preparada el <strong>1 de agosto de 2024<\/strong>.<\/p>\n\n\n\n<p>El m\u00e9todo empleado para preparar la declaraci\u00f3n ha sido una auditor\u00eda llevada por la empresa que ha dise\u00f1ado la Web, FO&amp;CO Consultor\u00eda Global SL.<\/p>\n\n\n\n<p>\u00daltima revisi\u00f3n de la declaraci\u00f3n: <strong>1 de agosto de 2024.<\/strong><\/p>\n\n\n\n<h2><strong>Observaciones y datos de contacto<\/strong><\/h2>\n\n\n\n<p>Puede realizar comunicaciones sobre requisitos de accesibilidad (art\u00edculo 10.2.a) del Real Decreto 1112\/2018, de 7 de septiembre) como, por ejemplo:<\/p>\n\n\n\n<ul>\n<li>Informar sobre cualquier posible incumplimiento por parte de este sitio web.<\/li>\n\n\n\n<li>Queja relativa al cumplimiento de los requisitos del RD 1112\/2018.<\/li>\n\n\n\n<li>Transmitir otras dificultades de acceso al contenido.<\/li>\n\n\n\n<li>Formular cualquier otra consulta, queja o sugerencia de mejora relativa a la accesibilidad del sitio web.<\/li>\n<\/ul>\n\n\n\n<p>A trav\u00e9s de las siguientes v\u00edas:<\/p>\n\n\n\n<ul>\n<li>Tel\u00e9fono:<strong> (+34) 968 430 691 \/ (+34) 638 855 201<\/strong><\/li>\n\n\n\n<li>Correo electr\u00f3nico: <strong>instalador@priegofont.com<\/strong><\/li>\n<\/ul>\n\n\n\n<p>Las comunicaciones ser\u00e1n analizadas y tratadas por la direcci\u00f3n.<\/p>\n\n\n\n<h2><strong>Procedimiento de aplicaci\u00f3n<\/strong><\/h2>\n\n\n\n<p>Si una vez realizada una solicitud de informaci\u00f3n accesible o queja, \u00e9sta hubiera sido desestimada, no se estuviera de acuerdo con la decisi\u00f3n adoptada, o la respuesta no cumpliera los requisitos contemplados en el art\u00edculo 12.5, la persona interesada podr\u00e1 iniciar una reclamaci\u00f3n. Igualmente se podr\u00e1 iniciar una reclamaci\u00f3n en el caso de que haya transcurrido el plazo de veinte d\u00edas h\u00e1biles sin haber obtenido respuesta. <\/p>\n\n\n\n<p>La reclamaci\u00f3n puede ser presentada trav\u00e9s de la Instancia Gen\u00e9rica de la Sede electr\u00f3nica del Ministerio de Asuntos Econ\u00f3micos y Transformaci\u00f3n Digital, as\u00ed como en el resto de las opciones recogidas en la Ley 39\/ 2015, de 1 de octubre, del Procedimiento Administrativo Com\u00fan de las Administraciones P\u00fablicas. Las reclamaciones ser\u00e1n recibidas y tratadas por la Subdirecci\u00f3n General de Inspecci\u00f3n de Servicios del Ministerio.<\/p>\n\n\n\n<h2><strong>Contenido opcional<\/strong><\/h2>\n\n\n\n<p>Sitio Web responsive optimizado para \u00faltimas versiones de navegadores Google Chrome, Firefox, Miscrosoft Edge y Safari.<\/p>\n","protected":false},"excerpt":{"rendered":"<p>Declaraci\u00f3n de Accesibilidad PRIEGOFONT 2020 SL se ha comprometido a hacer accesibles sus sitios web de conformidad con el Real Decreto 1112\/2018, de 7 de septiembre, sobre accesibilidad de los sitios web y aplicaciones para dispositivos m\u00f3viles del sector p\u00fablico (en adelante, Real Decreto 1112\/2018, de 7 de septiembre). La presente declaraci\u00f3n de accesibilidad se [&hellip;]<\/p>\n","protected":false},"author":3,"featured_media":0,"parent":0,"menu_order":0,"comment_status":"closed","ping_status":"closed","template":"","meta":{"_mi_skip_tracking":false},"yoast_head":"<!-- This site is optimized with the Yoast SEO plugin v19.10 - https:\/\/yoast.com\/wordpress\/plugins\/seo\/ -->\n<title>Declaraci\u00f3n de Accesibilidad - Priegofont<\/title>\n<meta name=\"description\" content=\"Declaraci\u00f3n de accesibilidad de esta web seg\u00fan el RD 1112\/2018. Cumplimiento parcial, contenido no accesible, observaciones y reclamaciones.\" \/>\n<meta name=\"robots\" content=\"index, follow, max-snippet:-1, max-image-preview:large, max-video-preview:-1\" \/>\n<link rel=\"canonical\" href=\"https:\/\/priegofont.es\/index.php\/declaracion-de-accesibilidad\/\" \/>\n<meta property=\"og:locale\" content=\"es_ES\" \/>\n<meta property=\"og:type\" content=\"article\" \/>\n<meta property=\"og:title\" content=\"Declaraci\u00f3n de Accesibilidad - Priegofont\" \/>\n<meta property=\"og:description\" content=\"Declaraci\u00f3n de accesibilidad de esta web seg\u00fan el RD 1112\/2018. Cumplimiento parcial, contenido no accesible, observaciones y reclamaciones.\" \/>\n<meta property=\"og:url\" content=\"https:\/\/priegofont.es\/index.php\/declaracion-de-accesibilidad\/\" \/>\n<meta property=\"og:site_name\" content=\"Priegofont\" \/>\n<meta property=\"article:modified_time\" content=\"2024-08-01T07:32:46+00:00\" \/>\n<meta name=\"twitter:card\" content=\"summary_large_image\" \/>\n<meta name=\"twitter:label1\" content=\"Tiempo de lectura\" \/>\n\t<meta name=\"twitter:data1\" content=\"3 minutos\" \/>\n<script type=\"application\/ld+json\" class=\"yoast-schema-graph\">{\"@context\":\"https:\/\/schema.org\",\"@graph\":[{\"@type\":\"WebPage\",\"@id\":\"https:\/\/priegofont.es\/index.php\/declaracion-de-accesibilidad\/\",\"url\":\"https:\/\/priegofont.es\/index.php\/declaracion-de-accesibilidad\/\",\"name\":\"Declaraci\u00f3n de Accesibilidad - Priegofont\",\"isPartOf\":{\"@id\":\"https:\/\/priegofont.es\/#website\"},\"datePublished\":\"2024-08-01T07:32:45+00:00\",\"dateModified\":\"2024-08-01T07:32:46+00:00\",\"description\":\"Declaraci\u00f3n de accesibilidad de esta web seg\u00fan el RD 1112\/2018. Cumplimiento parcial, contenido no accesible, observaciones y reclamaciones.\",\"breadcrumb\":{\"@id\":\"https:\/\/priegofont.es\/index.php\/declaracion-de-accesibilidad\/#breadcrumb\"},\"inLanguage\":\"es\",\"potentialAction\":[{\"@type\":\"ReadAction\",\"target\":[\"https:\/\/priegofont.es\/index.php\/declaracion-de-accesibilidad\/\"]}]},{\"@type\":\"BreadcrumbList\",\"@id\":\"https:\/\/priegofont.es\/index.php\/declaracion-de-accesibilidad\/#breadcrumb\",\"itemListElement\":[{\"@type\":\"ListItem\",\"position\":1,\"name\":\"Portada\",\"item\":\"https:\/\/priegofont.es\/\"},{\"@type\":\"ListItem\",\"position\":2,\"name\":\"Declaraci\u00f3n de Accesibilidad\"}]},{\"@type\":\"WebSite\",\"@id\":\"https:\/\/priegofont.es\/#website\",\"url\":\"https:\/\/priegofont.es\/\",\"name\":\"Priegofont\",\"description\":\"Priegofont es una empresa especializada en el riego y fontaner\u00eda en Murcia\",\"publisher\":{\"@id\":\"https:\/\/priegofont.es\/#organization\"},\"potentialAction\":[{\"@type\":\"SearchAction\",\"target\":{\"@type\":\"EntryPoint\",\"urlTemplate\":\"https:\/\/priegofont.es\/?s={search_term_string}\"},\"query-input\":\"required name=search_term_string\"}],\"inLanguage\":\"es\"},{\"@type\":\"Organization\",\"@id\":\"https:\/\/priegofont.es\/#organization\",\"name\":\"Priegofont\",\"url\":\"https:\/\/priegofont.es\/\",\"logo\":{\"@type\":\"ImageObject\",\"inLanguage\":\"es\",\"@id\":\"https:\/\/priegofont.es\/#\/schema\/logo\/image\/\",\"url\":\"https:\/\/priegofont.es\/wp-content\/uploads\/sites\/54\/2024\/07\/logo-PRIEGOFONT-2.jpg\",\"contentUrl\":\"https:\/\/priegofont.es\/wp-content\/uploads\/sites\/54\/2024\/07\/logo-PRIEGOFONT-2.jpg\",\"width\":600,\"height\":600,\"caption\":\"Priegofont\"},\"image\":{\"@id\":\"https:\/\/priegofont.es\/#\/schema\/logo\/image\/\"}}]}<\/script>\n<!-- \/ Yoast SEO plugin. -->","yoast_head_json":{"title":"Declaraci\u00f3n de Accesibilidad - Priegofont","description":"Declaraci\u00f3n de accesibilidad de esta web seg\u00fan el RD 1112\/2018. Cumplimiento parcial, contenido no accesible, observaciones y reclamaciones.","robots":{"index":"index","follow":"follow","max-snippet":"max-snippet:-1","max-image-preview":"max-image-preview:large","max-video-preview":"max-video-preview:-1"},"canonical":"https:\/\/priegofont.es\/index.php\/declaracion-de-accesibilidad\/","og_locale":"es_ES","og_type":"article","og_title":"Declaraci\u00f3n de Accesibilidad - Priegofont","og_description":"Declaraci\u00f3n de accesibilidad de esta web seg\u00fan el RD 1112\/2018. Cumplimiento parcial, contenido no accesible, observaciones y reclamaciones.","og_url":"https:\/\/priegofont.es\/index.php\/declaracion-de-accesibilidad\/","og_site_name":"Priegofont","article_modified_time":"2024-08-01T07:32:46+00:00","twitter_card":"summary_large_image","twitter_misc":{"Tiempo de lectura":"3 minutos"},"schema":{"@context":"https:\/\/schema.org","@graph":[{"@type":"WebPage","@id":"https:\/\/priegofont.es\/index.php\/declaracion-de-accesibilidad\/","url":"https:\/\/priegofont.es\/index.php\/declaracion-de-accesibilidad\/","name":"Declaraci\u00f3n de Accesibilidad - Priegofont","isPartOf":{"@id":"https:\/\/priegofont.es\/#website"},"datePublished":"2024-08-01T07:32:45+00:00","dateModified":"2024-08-01T07:32:46+00:00","description":"Declaraci\u00f3n de accesibilidad de esta web seg\u00fan el RD 1112\/2018. Cumplimiento parcial, contenido no accesible, observaciones y reclamaciones.","breadcrumb":{"@id":"https:\/\/priegofont.es\/index.php\/declaracion-de-accesibilidad\/#breadcrumb"},"inLanguage":"es","potentialAction":[{"@type":"ReadAction","target":["https:\/\/priegofont.es\/index.php\/declaracion-de-accesibilidad\/"]}]},{"@type":"BreadcrumbList","@id":"https:\/\/priegofont.es\/index.php\/declaracion-de-accesibilidad\/#breadcrumb","itemListElement":[{"@type":"ListItem","position":1,"name":"Portada","item":"https:\/\/priegofont.es\/"},{"@type":"ListItem","position":2,"name":"Declaraci\u00f3n de Accesibilidad"}]},{"@type":"WebSite","@id":"https:\/\/priegofont.es\/#website","url":"https:\/\/priegofont.es\/","name":"Priegofont","description":"Priegofont es una empresa especializada en el riego y fontaner\u00eda en Murcia","publisher":{"@id":"https:\/\/priegofont.es\/#organization"},"potentialAction":[{"@type":"SearchAction","target":{"@type":"EntryPoint","urlTemplate":"https:\/\/priegofont.es\/?s={search_term_string}"},"query-input":"required name=search_term_string"}],"inLanguage":"es"},{"@type":"Organization","@id":"https:\/\/priegofont.es\/#organization","name":"Priegofont","url":"https:\/\/priegofont.es\/","logo":{"@type":"ImageObject","inLanguage":"es","@id":"https:\/\/priegofont.es\/#\/schema\/logo\/image\/","url":"https:\/\/priegofont.es\/wp-content\/uploads\/sites\/54\/2024\/07\/logo-PRIEGOFONT-2.jpg","contentUrl":"https:\/\/priegofont.es\/wp-content\/uploads\/sites\/54\/2024\/07\/logo-PRIEGOFONT-2.jpg","width":600,"height":600,"caption":"Priegofont"},"image":{"@id":"https:\/\/priegofont.es\/#\/schema\/logo\/image\/"}}]}},"_links":{"self":[{"href":"https:\/\/priegofont.es\/index.php\/wp-json\/wp\/v2\/pages\/634"}],"collection":[{"href":"https:\/\/priegofont.es\/index.php\/wp-json\/wp\/v2\/pages"}],"about":[{"href":"https:\/\/priegofont.es\/index.php\/wp-json\/wp\/v2\/types\/page"}],"author":[{"embeddable":true,"href":"https:\/\/priegofont.es\/index.php\/wp-json\/wp\/v2\/users\/3"}],"replies":[{"embeddable":true,"href":"https:\/\/priegofont.es\/index.php\/wp-json\/wp\/v2\/comments?post=634"}],"version-history":[{"count":6,"href":"https:\/\/priegofont.es\/index.php\/wp-json\/wp\/v2\/pages\/634\/revisions"}],"predecessor-version":[{"id":775,"href":"https:\/\/priegofont.es\/index.php\/wp-json\/wp\/v2\/pages\/634\/revisions\/775"}],"wp:attachment":[{"href":"https:\/\/priegofont.es\/index.php\/wp-json\/wp\/v2\/media?parent=634"}],"curies":[{"name":"wp","href":"https:\/\/api.w.org\/{rel}","templated":true}]}}