	



	
{"id":610,"date":"2024-08-01T09:33:40","date_gmt":"2024-08-01T07:33:40","guid":{"rendered":"https:\/\/replicadoskitweb.webs.fococonsultores.es\/?page_id=610"},"modified":"2024-08-01T09:33:40","modified_gmt":"2024-08-01T07:33:40","slug":"politica-de-cookies","status":"publish","type":"page","link":"https:\/\/priegofont.es\/index.php\/politica-de-cookies\/","title":{"rendered":"Pol\u00edtica de cookies"},"content":{"rendered":"\n<div style=\"height:4vh\" aria-hidden=\"true\" class=\"wp-block-spacer\"><\/div>\n\n\n<div class=\"yoast-breadcrumbs\"><span><span><a href=\"https:\/\/priegofont.es\/\">Portada<\/a> \u00bb <span class=\"breadcrumb_last\" aria-current=\"page\">Pol\u00edtica de cookies<\/span><\/span><\/span><\/div>\n\n\n<h1 class=\"has-x-large-font-size\"><strong>Pol\u00edtica de Cookies<\/strong><\/h1>\n\n\n\n<p>Uso de cookies en la web de \u201cPRIEGOFONT 2020 SL\u201d. En cumplimiento de la Ley 34\/2002, de 11 de julio, de Servicios de la Sociedad de la Informaci\u00f3n y Comercio Electr\u00f3nico le informamos de la utilizaci\u00f3n de cookies en la web de \u201cPRIEGOFONT 2020 SL\u201d con el fin de facilitar y mejorar la navegaci\u00f3n a los usuarios, recordando por donde naveg\u00f3 en el sitio web, su nombre de usuario al registrarse, las preferencias y configuraciones de visualizaci\u00f3n, y ofreciendo a cada usuario informaci\u00f3n que puede ser de su inter\u00e9s.<\/p>\n\n\n\n<h2>\u00bfQu\u00e9 son las cookies?<\/h2>\n\n\n\n<p>Una cookie es un fichero que se descarga en su ordenador o el dispositivo que utilice (Smartphone, tableta, televisi\u00f3n conectada\u2026.) al acceder a determinadas p\u00e1ginas web o aplicaciones. Las cookies permiten, entre otras cosas, recopilar informaci\u00f3n estad\u00edstica, facilitar ciertas funcionalidades t\u00e9cnicas, almacenar y recuperar informaci\u00f3n sobre los h\u00e1bitos de navegaci\u00f3n o preferencias de un usuario o de su equipo y, dependiendo de la informaci\u00f3n que contengan y de la forma en que utilice su equipo, pueden utilizarse para reconocer al usuario. Una cookie se almacena en un ordenador con el fin de identificar al navegador mientras interacciona con nuestras webs o aplicaciones. Un sitio web puede establecer una cookie en el navegador si las preferencias de \u00e9ste lo permiten. Un navegador s\u00f3lo permite que un sitio web acceda a las cookies que \u00e9ste establece, no a las que establecen otros sitios Web. En la web de \u201cPRIEGOFONT 2020 SL\u201d se utilizan cookies de terceros, que permiten recoger datos an\u00f3nimos estad\u00edsticos sobre las visitas recibidas con el fin de realizar un seguimiento de las campa\u00f1as publicitarias que pudieran estar vigentes en el momento de la visita.<\/p>\n\n\n\n<h2>\u00bfPor qu\u00e9 las cookies son importantes?<\/h2>\n\n\n\n<p>\u201cPRIEGOFONT 2020 SL\u201d utiliza estas cookies por a) motivos operativos: Equilibrado y limitaci\u00f3n del tr\u00e1fico como m\u00e9todo de aseguramiento del servicio; b) por facilidad de uso: Hacer m\u00e1s f\u00e1cil y amigable la navegaci\u00f3n en las webs y aplicaciones, por ejemplo, recordar aspectos del usuario como su idioma, pa\u00eds, navegador, etc\u2026<\/p>\n\n\n\n<p>Determinadas cookies son fundamentales para que pueda utilizar servicios de las web de \u201cPRIEGOFONT 2020 SL\u201d. \u201cPRIEGOFONT 2020 SL\u201d en ning\u00fan caso realiza registro de las actividades que el usuario lleva a cabo en la red ni elabora perfiles de \u00e9ste.<\/p>\n\n\n\n<p>Tipos de cookies utilizadas por \u201cPRIEGOFONT 2020 SL\u201d<\/p>\n\n\n\n<ul>\n<li><strong>Cookies propias:<\/strong> se gestionan desde el propio dominio.<\/li>\n\n\n\n<li><strong>Cookies de sesi\u00f3n y persistentes:<\/strong> en las de sesi\u00f3n, los datos recabados s\u00f3lo se recogen mientras el usuario est\u00e1 navegando por la p\u00e1gina web. En el caso de las persistentes, los datos contin\u00faan almacenados en el terminal y se puede acceder a ellos durante un per\u00edodo de tiempo determinados.<\/li>\n\n\n\n<li><strong>Cookies t\u00e9cnicas\/an\u00e1lisis:<\/strong> las cookies t\u00e9cnicas ser\u00edan las que permiten controlar el tr\u00e1fico y la comunicaci\u00f3n de datos y las de an\u00e1lisis recogen datos sobre el comportamiento de los usuarios y permiten elaborar un perfil de usuario. Por \u00faltimo, las publicitarias recogen datos sobre la gesti\u00f3n de los espacios publicitarios.<\/li>\n<\/ul>\n\n\n\n<h2>Configuraci\u00f3n de cookies<\/h2>\n\n\n\n<p>Para conocer la forma en la que configurar la gesti\u00f3n de cookies en su navegador puede consultar los siguientes links de los principales navegadores y dispositivos:<\/p>\n\n\n\n<ul>\n<li>Para <strong>Internet Explorer<\/strong>: http:\/\/windows.microsoft.com\/es-ES\/windows-vista\/Block-or-allow-Cookies<\/li>\n\n\n\n<li>Para <strong>Safari<\/strong>: http:\/\/support.apple.com\/kb\/PH11913<\/li>\n\n\n\n<li>Para <strong>Chrome<\/strong>: https:\/\/support.google.com\/accounts\/answer\/61416?hl=es<\/li>\n\n\n\n<li>Para <strong>Firefox<\/strong>: http:\/\/support.mozilla.org\/es\/kb\/habilitar-y-deshabilitar-cookies-que-los-sitios-we<\/li>\n\n\n\n<li>Para <strong>Opera<\/strong>: http:\/\/help.opera.com\/Linux\/10.60\/es-ES\/cookies.html<\/li>\n\n\n\n<li>Para <strong>Android<\/strong>: http:\/\/support.google.com\/android\/?hl=es<\/li>\n\n\n\n<li>Para <strong>Windows Phone<\/strong>: http:\/\/www.windowsphone.com\/es-es\/how-to\/wp7\/web\/changing-privacy-and-other-browsersettings<\/li>\n\n\n\n<li>Para <strong>Blackberry<\/strong>: http:\/\/docs.blackberry.com\/en\/smartphone_users\/deliverables\/32004\/Turn_off_cookies_in_the_browser_60_1072866_11.jsp<\/li>\n<\/ul>\n\n\n\n<h2>Aceptaci\u00f3n de cookies<\/h2>\n\n\n\n<p>Si usted contin\u00faa su navegaci\u00f3n una vez informado sobre la Pol\u00edtica de Cookies, entenderemos que acepta la utilizaci\u00f3n de las cookies por parte de la web y aplicaciones. Sin embargo, si usted quiere, puede cambiar la configuraci\u00f3n de cookies en cualquier momento, configurando su navegador para aceptar, o no, las cookies que recibe o para que el navegador le avise cuando un servidor quiera guardar una cookie.<\/p>\n\n\n\n<p>Le informamos que en el caso de bloquear o no aceptar la instalaci\u00f3n de cookies, es posible que ciertos servicios no est\u00e9n disponibles sin la utilizaci\u00f3n de \u00e9stas o que no pueda acceder a determinados servicios ni tampoco aprovechar por completo todo lo que nuestras webs y aplicaciones le ofrecen. Adem\u00e1s del uso de cookies propias de \u201cPRIEGOFONT 2020 SL\u201d, permitimos a terceros establecer cookies y acceder a ellas en su ordenador. El consentimiento del uso de las cookies de estas empresas est\u00e1 ligado a la navegaci\u00f3n por este sitio.<\/p>\n","protected":false},"excerpt":{"rendered":"<p>Pol\u00edtica de Cookies Uso de cookies en la web de \u201cPRIEGOFONT 2020 SL\u201d. En cumplimiento de la Ley 34\/2002, de 11 de julio, de Servicios de la Sociedad de la Informaci\u00f3n y Comercio Electr\u00f3nico le informamos de la utilizaci\u00f3n de cookies en la web de \u201cPRIEGOFONT 2020 SL\u201d con el fin de facilitar y mejorar [&hellip;]<\/p>\n","protected":false},"author":3,"featured_media":0,"parent":0,"menu_order":0,"comment_status":"closed","ping_status":"closed","template":"","meta":{"_mi_skip_tracking":false},"yoast_head":"<!-- This site is optimized with the Yoast SEO plugin v19.10 - https:\/\/yoast.com\/wordpress\/plugins\/seo\/ -->\n<title>Pol\u00edtica de cookies - Priegofont<\/title>\n<meta name=\"description\" content=\"La web de PRIEGOFONT 2020 SL usa cookies para mejorar la navegaci\u00f3n, recordar preferencias y ofrecer informaci\u00f3n\" \/>\n<meta name=\"robots\" content=\"index, follow, max-snippet:-1, max-image-preview:large, max-video-preview:-1\" \/>\n<link rel=\"canonical\" href=\"https:\/\/priegofont.es\/index.php\/politica-de-cookies\/\" \/>\n<meta property=\"og:locale\" content=\"es_ES\" \/>\n<meta property=\"og:type\" content=\"article\" \/>\n<meta property=\"og:title\" content=\"Pol\u00edtica de cookies - Priegofont\" \/>\n<meta property=\"og:description\" content=\"La web de PRIEGOFONT 2020 SL usa cookies para mejorar la navegaci\u00f3n, recordar preferencias y ofrecer informaci\u00f3n\" \/>\n<meta property=\"og:url\" content=\"https:\/\/priegofont.es\/index.php\/politica-de-cookies\/\" \/>\n<meta property=\"og:site_name\" content=\"Priegofont\" \/>\n<meta name=\"twitter:card\" content=\"summary_large_image\" \/>\n<meta name=\"twitter:label1\" content=\"Tiempo de lectura\" \/>\n\t<meta name=\"twitter:data1\" content=\"4 minutos\" \/>\n<script type=\"application\/ld+json\" class=\"yoast-schema-graph\">{\"@context\":\"https:\/\/schema.org\",\"@graph\":[{\"@type\":\"WebPage\",\"@id\":\"https:\/\/priegofont.es\/index.php\/politica-de-cookies\/\",\"url\":\"https:\/\/priegofont.es\/index.php\/politica-de-cookies\/\",\"name\":\"Pol\u00edtica de cookies - Priegofont\",\"isPartOf\":{\"@id\":\"https:\/\/priegofont.es\/#website\"},\"datePublished\":\"2024-08-01T07:33:40+00:00\",\"dateModified\":\"2024-08-01T07:33:40+00:00\",\"description\":\"La web de PRIEGOFONT 2020 SL usa cookies para mejorar la navegaci\u00f3n, recordar preferencias y ofrecer informaci\u00f3n\",\"breadcrumb\":{\"@id\":\"https:\/\/priegofont.es\/index.php\/politica-de-cookies\/#breadcrumb\"},\"inLanguage\":\"es\",\"potentialAction\":[{\"@type\":\"ReadAction\",\"target\":[\"https:\/\/priegofont.es\/index.php\/politica-de-cookies\/\"]}]},{\"@type\":\"BreadcrumbList\",\"@id\":\"https:\/\/priegofont.es\/index.php\/politica-de-cookies\/#breadcrumb\",\"itemListElement\":[{\"@type\":\"ListItem\",\"position\":1,\"name\":\"Portada\",\"item\":\"https:\/\/priegofont.es\/\"},{\"@type\":\"ListItem\",\"position\":2,\"name\":\"Pol\u00edtica de cookies\"}]},{\"@type\":\"WebSite\",\"@id\":\"https:\/\/priegofont.es\/#website\",\"url\":\"https:\/\/priegofont.es\/\",\"name\":\"Priegofont\",\"description\":\"Priegofont es una empresa especializada en el riego y fontaner\u00eda en Murcia\",\"publisher\":{\"@id\":\"https:\/\/priegofont.es\/#organization\"},\"potentialAction\":[{\"@type\":\"SearchAction\",\"target\":{\"@type\":\"EntryPoint\",\"urlTemplate\":\"https:\/\/priegofont.es\/?s={search_term_string}\"},\"query-input\":\"required name=search_term_string\"}],\"inLanguage\":\"es\"},{\"@type\":\"Organization\",\"@id\":\"https:\/\/priegofont.es\/#organization\",\"name\":\"Priegofont\",\"url\":\"https:\/\/priegofont.es\/\",\"logo\":{\"@type\":\"ImageObject\",\"inLanguage\":\"es\",\"@id\":\"https:\/\/priegofont.es\/#\/schema\/logo\/image\/\",\"url\":\"https:\/\/priegofont.es\/wp-content\/uploads\/sites\/54\/2024\/07\/logo-PRIEGOFONT-2.jpg\",\"contentUrl\":\"https:\/\/priegofont.es\/wp-content\/uploads\/sites\/54\/2024\/07\/logo-PRIEGOFONT-2.jpg\",\"width\":600,\"height\":600,\"caption\":\"Priegofont\"},\"image\":{\"@id\":\"https:\/\/priegofont.es\/#\/schema\/logo\/image\/\"}}]}<\/script>\n<!-- \/ Yoast SEO plugin. -->","yoast_head_json":{"title":"Pol\u00edtica de cookies - Priegofont","description":"La web de PRIEGOFONT 2020 SL usa cookies para mejorar la navegaci\u00f3n, recordar preferencias y ofrecer informaci\u00f3n","robots":{"index":"index","follow":"follow","max-snippet":"max-snippet:-1","max-image-preview":"max-image-preview:large","max-video-preview":"max-video-preview:-1"},"canonical":"https:\/\/priegofont.es\/index.php\/politica-de-cookies\/","og_locale":"es_ES","og_type":"article","og_title":"Pol\u00edtica de cookies - Priegofont","og_description":"La web de PRIEGOFONT 2020 SL usa cookies para mejorar la navegaci\u00f3n, recordar preferencias y ofrecer informaci\u00f3n","og_url":"https:\/\/priegofont.es\/index.php\/politica-de-cookies\/","og_site_name":"Priegofont","twitter_card":"summary_large_image","twitter_misc":{"Tiempo de lectura":"4 minutos"},"schema":{"@context":"https:\/\/schema.org","@graph":[{"@type":"WebPage","@id":"https:\/\/priegofont.es\/index.php\/politica-de-cookies\/","url":"https:\/\/priegofont.es\/index.php\/politica-de-cookies\/","name":"Pol\u00edtica de cookies - Priegofont","isPartOf":{"@id":"https:\/\/priegofont.es\/#website"},"datePublished":"2024-08-01T07:33:40+00:00","dateModified":"2024-08-01T07:33:40+00:00","description":"La web de PRIEGOFONT 2020 SL usa cookies para mejorar la navegaci\u00f3n, recordar preferencias y ofrecer informaci\u00f3n","breadcrumb":{"@id":"https:\/\/priegofont.es\/index.php\/politica-de-cookies\/#breadcrumb"},"inLanguage":"es","potentialAction":[{"@type":"ReadAction","target":["https:\/\/priegofont.es\/index.php\/politica-de-cookies\/"]}]},{"@type":"BreadcrumbList","@id":"https:\/\/priegofont.es\/index.php\/politica-de-cookies\/#breadcrumb","itemListElement":[{"@type":"ListItem","position":1,"name":"Portada","item":"https:\/\/priegofont.es\/"},{"@type":"ListItem","position":2,"name":"Pol\u00edtica de cookies"}]},{"@type":"WebSite","@id":"https:\/\/priegofont.es\/#website","url":"https:\/\/priegofont.es\/","name":"Priegofont","description":"Priegofont es una empresa especializada en el riego y fontaner\u00eda en Murcia","publisher":{"@id":"https:\/\/priegofont.es\/#organization"},"potentialAction":[{"@type":"SearchAction","target":{"@type":"EntryPoint","urlTemplate":"https:\/\/priegofont.es\/?s={search_term_string}"},"query-input":"required name=search_term_string"}],"inLanguage":"es"},{"@type":"Organization","@id":"https:\/\/priegofont.es\/#organization","name":"Priegofont","url":"https:\/\/priegofont.es\/","logo":{"@type":"ImageObject","inLanguage":"es","@id":"https:\/\/priegofont.es\/#\/schema\/logo\/image\/","url":"https:\/\/priegofont.es\/wp-content\/uploads\/sites\/54\/2024\/07\/logo-PRIEGOFONT-2.jpg","contentUrl":"https:\/\/priegofont.es\/wp-content\/uploads\/sites\/54\/2024\/07\/logo-PRIEGOFONT-2.jpg","width":600,"height":600,"caption":"Priegofont"},"image":{"@id":"https:\/\/priegofont.es\/#\/schema\/logo\/image\/"}}]}},"_links":{"self":[{"href":"https:\/\/priegofont.es\/index.php\/wp-json\/wp\/v2\/pages\/610"}],"collection":[{"href":"https:\/\/priegofont.es\/index.php\/wp-json\/wp\/v2\/pages"}],"about":[{"href":"https:\/\/priegofont.es\/index.php\/wp-json\/wp\/v2\/types\/page"}],"author":[{"embeddable":true,"href":"https:\/\/priegofont.es\/index.php\/wp-json\/wp\/v2\/users\/3"}],"replies":[{"embeddable":true,"href":"https:\/\/priegofont.es\/index.php\/wp-json\/wp\/v2\/comments?post=610"}],"version-history":[{"count":4,"href":"https:\/\/priegofont.es\/index.php\/wp-json\/wp\/v2\/pages\/610\/revisions"}],"predecessor-version":[{"id":692,"href":"https:\/\/priegofont.es\/index.php\/wp-json\/wp\/v2\/pages\/610\/revisions\/692"}],"wp:attachment":[{"href":"https:\/\/priegofont.es\/index.php\/wp-json\/wp\/v2\/media?parent=610"}],"curies":[{"name":"wp","href":"https:\/\/api.w.org\/{rel}","templated":true}]}}