	



	
{"id":26,"date":"2024-08-01T09:35:09","date_gmt":"2024-08-01T07:35:09","guid":{"rendered":"https:\/\/kitbase.webs.fococonsultores.es\/?page_id=26"},"modified":"2024-08-01T09:35:09","modified_gmt":"2024-08-01T07:35:09","slug":"ubicacion","status":"publish","type":"page","link":"https:\/\/priegofont.es\/index.php\/ubicacion\/","title":{"rendered":"Ubicaci\u00f3n"},"content":{"rendered":"\n<div style=\"height:4vh\" aria-hidden=\"true\" class=\"wp-block-spacer\"><\/div>\n\n\n<div class=\"yoast-breadcrumbs\"><span><span><a href=\"https:\/\/priegofont.es\/\">Portada<\/a> \u00bb <span class=\"breadcrumb_last\" aria-current=\"page\">Ubicaci\u00f3n<\/span><\/span><\/span><\/div>\n\n\n<div class=\"wp-block-cover alignfull is-light\"><span aria-hidden=\"true\" class=\"wp-block-cover__background has-white-background-color has-background-dim-100 has-background-dim\"><\/span><div class=\"wp-block-cover__inner-container\">\n<div style=\"height:50px\" aria-hidden=\"true\" class=\"wp-block-spacer\"><\/div>\n\n\n\n<div class=\"is-layout-flex wp-container-6 wp-block-columns\">\n<div class=\"is-layout-flow wp-block-column\" style=\"flex-basis:3.5%\"><\/div>\n\n\n\n<div class=\"is-layout-flow wp-block-column is-vertically-aligned-center\" style=\"flex-basis:33%\">\n<h1 class=\"alignwide has-large-font-size\">Ubicaci\u00f3n<\/h1>\n\n\n\n<div style=\"height:30px\" aria-hidden=\"true\" class=\"wp-block-spacer\"><\/div>\n\n\n\n<h2><strong>PRIEGOFONT<\/strong><\/h2>\n\n\n\n<p>Av. de la Albarda,  Pol: 48 Parcela: 233 La Albarda, Molina de Segura, 30627 Murcia<\/p>\n\n\n\n<p><a rel=\"noreferrer noopener\" href=\"mailto:instalador@priegofont.com\" target=\"_blank\">instalador@priegofont.com<\/a><\/p>\n\n\n\n<p><a href=\"tel:+34 968 430 691\">(+34) 968 430 691<\/a><br><a href=\"tel:+34 638 855 201\">(+34) 638 855 201<\/a><\/p>\n\n\n\n<div class=\"is-content-justification-right is-layout-flex wp-container-2 wp-block-buttons\">\n<div class=\"wp-block-button is-style-fill\"><a class=\"wp-block-button__link has-text-color has-background wp-element-button\" href=\"https:\/\/www.google.com\/maps\/dir\/\/Priegofont+2020+SL,+Av.+de+la+Albarda,+30627,+Murcia\/@38.1401274,-1.210384,17z\/data=!4m17!1m7!3m6!1s0xd638729119a91fb:0xb817bf27a1823cc1!2sPriegofont+2020+SL!8m2!3d38.1401274!4d-1.210384!16s%2Fg%2F11ghqbtlty!4m8!1m0!1m5!1m1!1s0xd638729119a91fb:0xb817bf27a1823cc1!2m2!1d-1.210384!2d38.1401274!3e3?entry=ttu\" style=\"border-radius:6px;color:#111111;background-color:#9dc44d\" target=\"_blank\" rel=\"noreferrer noopener\">C\u00f3mo llegar<\/a><\/div>\n<\/div>\n<\/div>\n\n\n\n<div class=\"is-layout-flow wp-block-column\" style=\"flex-basis:3.5%\"><\/div>\n\n\n\n<div class=\"is-layout-flow wp-block-column\" style=\"flex-basis:60%\"><\/div>\n<\/div>\n<\/div><\/div>\n","protected":false},"excerpt":{"rendered":"","protected":false},"author":2,"featured_media":0,"parent":0,"menu_order":0,"comment_status":"closed","ping_status":"closed","template":"","meta":{"_mi_skip_tracking":false},"yoast_head":"<!-- This site is optimized with the Yoast SEO plugin v19.10 - https:\/\/yoast.com\/wordpress\/plugins\/seo\/ -->\n<title>Ubicaci\u00f3n - Priegofont<\/title>\n<meta name=\"description\" content=\"Ubicaci\u00f3n de PRIEGOFONT 2020 SL en direcci\u00f3n Av. de la Albarda, 30627,Molina de Segura, Murcia y con tel\u00e9fonos 968430691 \/ 638855201\" \/>\n<meta name=\"robots\" content=\"index, follow, max-snippet:-1, max-image-preview:large, max-video-preview:-1\" \/>\n<link rel=\"canonical\" href=\"https:\/\/priegofont.es\/index.php\/ubicacion\/\" \/>\n<meta property=\"og:locale\" content=\"es_ES\" \/>\n<meta property=\"og:type\" content=\"article\" \/>\n<meta property=\"og:title\" content=\"Ubicaci\u00f3n - Priegofont\" \/>\n<meta property=\"og:description\" content=\"Ubicaci\u00f3n de PRIEGOFONT 2020 SL en direcci\u00f3n Av. de la Albarda, 30627,Molina de Segura, Murcia y con tel\u00e9fonos 968430691 \/ 638855201\" \/>\n<meta property=\"og:url\" content=\"https:\/\/priegofont.es\/index.php\/ubicacion\/\" \/>\n<meta property=\"og:site_name\" content=\"Priegofont\" \/>\n<meta name=\"twitter:card\" content=\"summary_large_image\" \/>\n<meta name=\"twitter:label1\" content=\"Tiempo de lectura\" \/>\n\t<meta name=\"twitter:data1\" content=\"1 minuto\" \/>\n<script type=\"application\/ld+json\" class=\"yoast-schema-graph\">{\"@context\":\"https:\/\/schema.org\",\"@graph\":[{\"@type\":\"WebPage\",\"@id\":\"https:\/\/priegofont.es\/index.php\/ubicacion\/\",\"url\":\"https:\/\/priegofont.es\/index.php\/ubicacion\/\",\"name\":\"Ubicaci\u00f3n - Priegofont\",\"isPartOf\":{\"@id\":\"https:\/\/priegofont.es\/#website\"},\"datePublished\":\"2024-08-01T07:35:09+00:00\",\"dateModified\":\"2024-08-01T07:35:09+00:00\",\"description\":\"Ubicaci\u00f3n de PRIEGOFONT 2020 SL en direcci\u00f3n Av. de la Albarda, 30627,Molina de Segura, Murcia y con tel\u00e9fonos 968430691 \/ 638855201\",\"breadcrumb\":{\"@id\":\"https:\/\/priegofont.es\/index.php\/ubicacion\/#breadcrumb\"},\"inLanguage\":\"es\",\"potentialAction\":[{\"@type\":\"ReadAction\",\"target\":[\"https:\/\/priegofont.es\/index.php\/ubicacion\/\"]}]},{\"@type\":\"BreadcrumbList\",\"@id\":\"https:\/\/priegofont.es\/index.php\/ubicacion\/#breadcrumb\",\"itemListElement\":[{\"@type\":\"ListItem\",\"position\":1,\"name\":\"Portada\",\"item\":\"https:\/\/priegofont.es\/\"},{\"@type\":\"ListItem\",\"position\":2,\"name\":\"Ubicaci\u00f3n\"}]},{\"@type\":\"WebSite\",\"@id\":\"https:\/\/priegofont.es\/#website\",\"url\":\"https:\/\/priegofont.es\/\",\"name\":\"Priegofont\",\"description\":\"Priegofont es una empresa especializada en el riego y fontaner\u00eda en Murcia\",\"publisher\":{\"@id\":\"https:\/\/priegofont.es\/#organization\"},\"potentialAction\":[{\"@type\":\"SearchAction\",\"target\":{\"@type\":\"EntryPoint\",\"urlTemplate\":\"https:\/\/priegofont.es\/?s={search_term_string}\"},\"query-input\":\"required name=search_term_string\"}],\"inLanguage\":\"es\"},{\"@type\":\"Organization\",\"@id\":\"https:\/\/priegofont.es\/#organization\",\"name\":\"Priegofont\",\"url\":\"https:\/\/priegofont.es\/\",\"logo\":{\"@type\":\"ImageObject\",\"inLanguage\":\"es\",\"@id\":\"https:\/\/priegofont.es\/#\/schema\/logo\/image\/\",\"url\":\"https:\/\/priegofont.es\/wp-content\/uploads\/sites\/54\/2024\/07\/logo-PRIEGOFONT-2.jpg\",\"contentUrl\":\"https:\/\/priegofont.es\/wp-content\/uploads\/sites\/54\/2024\/07\/logo-PRIEGOFONT-2.jpg\",\"width\":600,\"height\":600,\"caption\":\"Priegofont\"},\"image\":{\"@id\":\"https:\/\/priegofont.es\/#\/schema\/logo\/image\/\"}}]}<\/script>\n<!-- \/ Yoast SEO plugin. -->","yoast_head_json":{"title":"Ubicaci\u00f3n - Priegofont","description":"Ubicaci\u00f3n de PRIEGOFONT 2020 SL en direcci\u00f3n Av. de la Albarda, 30627,Molina de Segura, Murcia y con tel\u00e9fonos 968430691 \/ 638855201","robots":{"index":"index","follow":"follow","max-snippet":"max-snippet:-1","max-image-preview":"max-image-preview:large","max-video-preview":"max-video-preview:-1"},"canonical":"https:\/\/priegofont.es\/index.php\/ubicacion\/","og_locale":"es_ES","og_type":"article","og_title":"Ubicaci\u00f3n - Priegofont","og_description":"Ubicaci\u00f3n de PRIEGOFONT 2020 SL en direcci\u00f3n Av. de la Albarda, 30627,Molina de Segura, Murcia y con tel\u00e9fonos 968430691 \/ 638855201","og_url":"https:\/\/priegofont.es\/index.php\/ubicacion\/","og_site_name":"Priegofont","twitter_card":"summary_large_image","twitter_misc":{"Tiempo de lectura":"1 minuto"},"schema":{"@context":"https:\/\/schema.org","@graph":[{"@type":"WebPage","@id":"https:\/\/priegofont.es\/index.php\/ubicacion\/","url":"https:\/\/priegofont.es\/index.php\/ubicacion\/","name":"Ubicaci\u00f3n - Priegofont","isPartOf":{"@id":"https:\/\/priegofont.es\/#website"},"datePublished":"2024-08-01T07:35:09+00:00","dateModified":"2024-08-01T07:35:09+00:00","description":"Ubicaci\u00f3n de PRIEGOFONT 2020 SL en direcci\u00f3n Av. de la Albarda, 30627,Molina de Segura, Murcia y con tel\u00e9fonos 968430691 \/ 638855201","breadcrumb":{"@id":"https:\/\/priegofont.es\/index.php\/ubicacion\/#breadcrumb"},"inLanguage":"es","potentialAction":[{"@type":"ReadAction","target":["https:\/\/priegofont.es\/index.php\/ubicacion\/"]}]},{"@type":"BreadcrumbList","@id":"https:\/\/priegofont.es\/index.php\/ubicacion\/#breadcrumb","itemListElement":[{"@type":"ListItem","position":1,"name":"Portada","item":"https:\/\/priegofont.es\/"},{"@type":"ListItem","position":2,"name":"Ubicaci\u00f3n"}]},{"@type":"WebSite","@id":"https:\/\/priegofont.es\/#website","url":"https:\/\/priegofont.es\/","name":"Priegofont","description":"Priegofont es una empresa especializada en el riego y fontaner\u00eda en Murcia","publisher":{"@id":"https:\/\/priegofont.es\/#organization"},"potentialAction":[{"@type":"SearchAction","target":{"@type":"EntryPoint","urlTemplate":"https:\/\/priegofont.es\/?s={search_term_string}"},"query-input":"required name=search_term_string"}],"inLanguage":"es"},{"@type":"Organization","@id":"https:\/\/priegofont.es\/#organization","name":"Priegofont","url":"https:\/\/priegofont.es\/","logo":{"@type":"ImageObject","inLanguage":"es","@id":"https:\/\/priegofont.es\/#\/schema\/logo\/image\/","url":"https:\/\/priegofont.es\/wp-content\/uploads\/sites\/54\/2024\/07\/logo-PRIEGOFONT-2.jpg","contentUrl":"https:\/\/priegofont.es\/wp-content\/uploads\/sites\/54\/2024\/07\/logo-PRIEGOFONT-2.jpg","width":600,"height":600,"caption":"Priegofont"},"image":{"@id":"https:\/\/priegofont.es\/#\/schema\/logo\/image\/"}}]}},"_links":{"self":[{"href":"https:\/\/priegofont.es\/index.php\/wp-json\/wp\/v2\/pages\/26"}],"collection":[{"href":"https:\/\/priegofont.es\/index.php\/wp-json\/wp\/v2\/pages"}],"about":[{"href":"https:\/\/priegofont.es\/index.php\/wp-json\/wp\/v2\/types\/page"}],"author":[{"embeddable":true,"href":"https:\/\/priegofont.es\/index.php\/wp-json\/wp\/v2\/users\/2"}],"replies":[{"embeddable":true,"href":"https:\/\/priegofont.es\/index.php\/wp-json\/wp\/v2\/comments?post=26"}],"version-history":[{"count":22,"href":"https:\/\/priegofont.es\/index.php\/wp-json\/wp\/v2\/pages\/26\/revisions"}],"predecessor-version":[{"id":747,"href":"https:\/\/priegofont.es\/index.php\/wp-json\/wp\/v2\/pages\/26\/revisions\/747"}],"wp:attachment":[{"href":"https:\/\/priegofont.es\/index.php\/wp-json\/wp\/v2\/media?parent=26"}],"curies":[{"name":"wp","href":"https:\/\/api.w.org\/{rel}","templated":true}]}}