	



	
{"id":20,"date":"2024-08-01T09:17:00","date_gmt":"2024-08-01T07:17:00","guid":{"rendered":"https:\/\/kitbase.webs.fococonsultores.es\/?page_id=20"},"modified":"2024-08-01T09:34:52","modified_gmt":"2024-08-01T07:34:52","slug":"servicios-de-riego-y-fontaneria","status":"publish","type":"page","link":"https:\/\/priegofont.es\/index.php\/servicios-de-riego-y-fontaneria\/","title":{"rendered":"Servicios"},"content":{"rendered":"\n<div style=\"height:4vh\" aria-hidden=\"true\" class=\"wp-block-spacer\"><\/div>\n\n\n<div class=\"yoast-breadcrumbs\"><span><span><a href=\"https:\/\/priegofont.es\/\">Portada<\/a> \u00bb <span class=\"breadcrumb_last\" aria-current=\"page\">Servicios<\/span><\/span><\/span><\/div>\n\n\n<h1 class=\"has-large-font-size\">Servicios<\/h1>\n\n\n\n<p>Ofrecemos los mejores servicios de riego y fontaner\u00eda adem\u00e1s de otros que te detallamos a continuaci\u00f3n.<\/p>\n\n\n\n<div class=\"wp-block-cover alignfull\"><span aria-hidden=\"true\" class=\"wp-block-cover__background has-background-dim-100 has-background-dim\" style=\"background-color:#1a1a1a\"><\/span><div class=\"wp-block-cover__inner-container\">\n<div class=\"wp-block-media-text alignwide is-stacked-on-mobile\" style=\"grid-template-columns:30% auto\"><figure class=\"wp-block-media-text__media\"><img decoding=\"async\" loading=\"lazy\" width=\"800\" height=\"600\" src=\"https:\/\/priegofont.es\/wp-content\/uploads\/sites\/54\/2024\/07\/riego.jpg\" alt=\"servicios de riego\" class=\"wp-image-716 size-full\" srcset=\"https:\/\/priegofont.es\/wp-content\/uploads\/sites\/54\/2024\/07\/riego.jpg 800w, https:\/\/priegofont.es\/wp-content\/uploads\/sites\/54\/2024\/07\/riego-300x225.jpg 300w, https:\/\/priegofont.es\/wp-content\/uploads\/sites\/54\/2024\/07\/riego-768x576.jpg 768w\" sizes=\"(max-width: 800px) 100vw, 800px\" \/><\/figure><div class=\"wp-block-media-text__content\">\n<h2 class=\"has-white-color has-text-color\"><strong>Riego<\/strong><\/h2>\n\n\n\n<p class=\"has-white-color has-text-color\">Ofrecemos servicios de asesoramiento personalizado y realizaci\u00f3n de instalaciones de riego y equipos de filtrado para satisfacer las necesidades espec\u00edficas de nuestros clientes en el \u00e1mbito de la agricultura, jardiner\u00eda y sistemas de riego residenciales o comerciales.<br>Nuestro equipo de profesionales altamente cualificados cuenta con amplia experiencia en el dise\u00f1o, instalaci\u00f3n y mantenimiento de sistemas de riego eficientes y equipos de filtrado de alta calidad. Realizamos un an\u00e1lisis detallado de las condiciones del terreno, las necesidades h\u00eddricas de las plantas y las preferencias del cliente para dise\u00f1ar un sistema de riego a medida que garantice un suministro de agua adecuado y eficiente.<\/p>\n<\/div><\/div>\n<\/div><\/div>\n\n\n\n<div class=\"wp-block-cover alignfull is-light\"><span aria-hidden=\"true\" class=\"wp-block-cover__background has-white-background-color has-background-dim-100 has-background-dim\"><\/span><div class=\"wp-block-cover__inner-container\">\n<div class=\"wp-block-media-text alignwide has-media-on-the-right is-stacked-on-mobile\" style=\"grid-template-columns:auto 30%\"><div class=\"wp-block-media-text__content\">\n<h2 class=\"has-black-color has-text-color\"><strong>Fontaner\u00eda<\/strong><\/h2>\n\n\n\n<p>Ofrecemos servicios de asesoramiento y realizaci\u00f3n de trabajos de fontaner\u00eda para hogares, empresas y comunidades, garantizando soluciones eficientes y de calidad en instalaciones, reparaciones y mantenimiento.<br>Nuestro equipo de fontaneros se encarga de brindar asesoramiento personalizado, evaluando las necesidades espec\u00edficas de cada cliente y proponiendo las mejores soluciones para garantizar un correcto funcionamiento de las instalaciones de fontaner\u00eda.<br>Realizamos todo tipo de trabajos de fontaner\u00eda, desde la instalaci\u00f3n de sistemas de tuber\u00edas, grifos, sanitarios y calentadores, hasta la detecci\u00f3n y reparaci\u00f3n de fugas, desatascos de tuber\u00edas y mantenimiento preventivo de instalaciones existentes.<\/p>\n<\/div><figure class=\"wp-block-media-text__media\"><img decoding=\"async\" loading=\"lazy\" width=\"800\" height=\"600\" src=\"https:\/\/priegofont.es\/wp-content\/uploads\/sites\/54\/2024\/07\/fontaneria.jpg\" alt=\"servicios de fontaner\u00eda\" class=\"wp-image-711 size-full\" srcset=\"https:\/\/priegofont.es\/wp-content\/uploads\/sites\/54\/2024\/07\/fontaneria.jpg 800w, https:\/\/priegofont.es\/wp-content\/uploads\/sites\/54\/2024\/07\/fontaneria-300x225.jpg 300w, https:\/\/priegofont.es\/wp-content\/uploads\/sites\/54\/2024\/07\/fontaneria-768x576.jpg 768w\" sizes=\"(max-width: 800px) 100vw, 800px\" \/><\/figure><\/div>\n<\/div><\/div>\n\n\n\n<div class=\"wp-block-cover alignfull\"><span aria-hidden=\"true\" class=\"wp-block-cover__background has-background-dim-100 has-background-dim\" style=\"background-color:#1a1a1a\"><\/span><div class=\"wp-block-cover__inner-container\">\n<div class=\"wp-block-media-text alignwide is-stacked-on-mobile\" style=\"grid-template-columns:30% auto\"><figure class=\"wp-block-media-text__media\"><img decoding=\"async\" loading=\"lazy\" width=\"800\" height=\"600\" src=\"https:\/\/priegofont.es\/wp-content\/uploads\/sites\/54\/2024\/07\/fontaneriaindustrial.jpg\" alt=\"servicios fontaner\u00eda industrial\" class=\"wp-image-712 size-full\" srcset=\"https:\/\/priegofont.es\/wp-content\/uploads\/sites\/54\/2024\/07\/fontaneriaindustrial.jpg 800w, https:\/\/priegofont.es\/wp-content\/uploads\/sites\/54\/2024\/07\/fontaneriaindustrial-300x225.jpg 300w, https:\/\/priegofont.es\/wp-content\/uploads\/sites\/54\/2024\/07\/fontaneriaindustrial-768x576.jpg 768w\" sizes=\"(max-width: 800px) 100vw, 800px\" \/><\/figure><div class=\"wp-block-media-text__content\">\n<h2 class=\"has-white-color has-text-color\"><strong>Fontaner\u00eda industrial<\/strong><\/h2>\n\n\n\n<p class=\"has-white-color has-text-color\">Ofrecemos servicios especializados de asesoramiento y realizaci\u00f3n de trabajos de fontaner\u00eda industrial para empresas y negocios que requieran soluciones espec\u00edficas y adaptadas a sus necesidades en el \u00e1mbito industrial.<\/p>\n<\/div><\/div>\n<\/div><\/div>\n\n\n\n<div class=\"wp-block-cover alignfull is-light\"><span aria-hidden=\"true\" class=\"wp-block-cover__background has-white-background-color has-background-dim-100 has-background-dim\"><\/span><div class=\"wp-block-cover__inner-container\">\n<div class=\"wp-block-media-text alignwide has-media-on-the-right is-stacked-on-mobile\" style=\"grid-template-columns:auto 30%\"><div class=\"wp-block-media-text__content\">\n<h2 class=\"has-black-color has-text-color\"><strong>Conducci\u00f3n de tuber\u00eda<\/strong><\/h2>\n\n\n\n<p>Ofrecemos servicios de conducci\u00f3n de tuber\u00eda y venta de accesorios en una amplia variedad de tama\u00f1os y materiales. \u00a1<a href=\"https:\/\/priegofont.es\/index.php\/contacto\/\">Cont\u00e1ctenos<\/a> para obtener m\u00e1s informaci\u00f3n!<\/p>\n<\/div><figure class=\"wp-block-media-text__media\"><img decoding=\"async\" loading=\"lazy\" width=\"800\" height=\"600\" src=\"https:\/\/priegofont.es\/wp-content\/uploads\/sites\/54\/2024\/07\/conducciondetuberia.jpg\" alt=\"servicios conducci\u00f3n de tuber\u00edas\" class=\"wp-image-709 size-full\" srcset=\"https:\/\/priegofont.es\/wp-content\/uploads\/sites\/54\/2024\/07\/conducciondetuberia.jpg 800w, https:\/\/priegofont.es\/wp-content\/uploads\/sites\/54\/2024\/07\/conducciondetuberia-300x225.jpg 300w, https:\/\/priegofont.es\/wp-content\/uploads\/sites\/54\/2024\/07\/conducciondetuberia-768x576.jpg 768w\" sizes=\"(max-width: 800px) 100vw, 800px\" \/><\/figure><\/div>\n<\/div><\/div>\n","protected":false},"excerpt":{"rendered":"<p>Servicios Ofrecemos los mejores servicios de riego y fontaner\u00eda adem\u00e1s de otros que te detallamos a continuaci\u00f3n.<\/p>\n","protected":false},"author":2,"featured_media":0,"parent":0,"menu_order":0,"comment_status":"closed","ping_status":"closed","template":"","meta":{"_mi_skip_tracking":false},"yoast_head":"<!-- This site is optimized with the Yoast SEO plugin v19.10 - https:\/\/yoast.com\/wordpress\/plugins\/seo\/ -->\n<title>Servicios de riego y fontaner\u00eda - Priegofont<\/title>\n<meta name=\"description\" content=\"PRIEGOFONT ofrece servicios de riego y equipos de filtrado, fontaner\u00eda en hogares, empresas, comunidades e industrial, conducci\u00f3n de tuber\u00edas\" \/>\n<meta name=\"robots\" content=\"index, follow, max-snippet:-1, max-image-preview:large, max-video-preview:-1\" \/>\n<link rel=\"canonical\" href=\"https:\/\/priegofont.es\/index.php\/servicios-de-riego-y-fontaneria\/\" \/>\n<meta property=\"og:locale\" content=\"es_ES\" \/>\n<meta property=\"og:type\" content=\"article\" \/>\n<meta property=\"og:title\" content=\"Servicios de riego y fontaner\u00eda - Priegofont\" \/>\n<meta property=\"og:description\" content=\"PRIEGOFONT ofrece servicios de riego y equipos de filtrado, fontaner\u00eda en hogares, empresas, comunidades e industrial, conducci\u00f3n de tuber\u00edas\" \/>\n<meta property=\"og:url\" content=\"https:\/\/priegofont.es\/index.php\/servicios-de-riego-y-fontaneria\/\" \/>\n<meta property=\"og:site_name\" content=\"Priegofont\" \/>\n<meta property=\"article:modified_time\" content=\"2024-08-01T07:34:52+00:00\" \/>\n<meta property=\"og:image\" content=\"https:\/\/priegofont.es\/wp-content\/uploads\/sites\/54\/2024\/07\/riego.jpg\" \/>\n<meta name=\"twitter:card\" content=\"summary_large_image\" \/>\n<meta name=\"twitter:label1\" content=\"Tiempo de lectura\" \/>\n\t<meta name=\"twitter:data1\" content=\"3 minutos\" \/>\n<script type=\"application\/ld+json\" class=\"yoast-schema-graph\">{\"@context\":\"https:\/\/schema.org\",\"@graph\":[{\"@type\":\"WebPage\",\"@id\":\"https:\/\/priegofont.es\/index.php\/servicios-de-riego-y-fontaneria\/\",\"url\":\"https:\/\/priegofont.es\/index.php\/servicios-de-riego-y-fontaneria\/\",\"name\":\"Servicios de riego y fontaner\u00eda - Priegofont\",\"isPartOf\":{\"@id\":\"https:\/\/priegofont.es\/#website\"},\"datePublished\":\"2024-08-01T07:17:00+00:00\",\"dateModified\":\"2024-08-01T07:34:52+00:00\",\"description\":\"PRIEGOFONT ofrece servicios de riego y equipos de filtrado, fontaner\u00eda en hogares, empresas, comunidades e industrial, conducci\u00f3n de tuber\u00edas\",\"breadcrumb\":{\"@id\":\"https:\/\/priegofont.es\/index.php\/servicios-de-riego-y-fontaneria\/#breadcrumb\"},\"inLanguage\":\"es\",\"potentialAction\":[{\"@type\":\"ReadAction\",\"target\":[\"https:\/\/priegofont.es\/index.php\/servicios-de-riego-y-fontaneria\/\"]}]},{\"@type\":\"BreadcrumbList\",\"@id\":\"https:\/\/priegofont.es\/index.php\/servicios-de-riego-y-fontaneria\/#breadcrumb\",\"itemListElement\":[{\"@type\":\"ListItem\",\"position\":1,\"name\":\"Portada\",\"item\":\"https:\/\/priegofont.es\/\"},{\"@type\":\"ListItem\",\"position\":2,\"name\":\"Servicios\"}]},{\"@type\":\"WebSite\",\"@id\":\"https:\/\/priegofont.es\/#website\",\"url\":\"https:\/\/priegofont.es\/\",\"name\":\"Priegofont\",\"description\":\"Priegofont es una empresa especializada en el riego y fontaner\u00eda en Murcia\",\"publisher\":{\"@id\":\"https:\/\/priegofont.es\/#organization\"},\"potentialAction\":[{\"@type\":\"SearchAction\",\"target\":{\"@type\":\"EntryPoint\",\"urlTemplate\":\"https:\/\/priegofont.es\/?s={search_term_string}\"},\"query-input\":\"required name=search_term_string\"}],\"inLanguage\":\"es\"},{\"@type\":\"Organization\",\"@id\":\"https:\/\/priegofont.es\/#organization\",\"name\":\"Priegofont\",\"url\":\"https:\/\/priegofont.es\/\",\"logo\":{\"@type\":\"ImageObject\",\"inLanguage\":\"es\",\"@id\":\"https:\/\/priegofont.es\/#\/schema\/logo\/image\/\",\"url\":\"https:\/\/priegofont.es\/wp-content\/uploads\/sites\/54\/2024\/07\/logo-PRIEGOFONT-2.jpg\",\"contentUrl\":\"https:\/\/priegofont.es\/wp-content\/uploads\/sites\/54\/2024\/07\/logo-PRIEGOFONT-2.jpg\",\"width\":600,\"height\":600,\"caption\":\"Priegofont\"},\"image\":{\"@id\":\"https:\/\/priegofont.es\/#\/schema\/logo\/image\/\"}}]}<\/script>\n<!-- \/ Yoast SEO plugin. -->","yoast_head_json":{"title":"Servicios de riego y fontaner\u00eda - Priegofont","description":"PRIEGOFONT ofrece servicios de riego y equipos de filtrado, fontaner\u00eda en hogares, empresas, comunidades e industrial, conducci\u00f3n de tuber\u00edas","robots":{"index":"index","follow":"follow","max-snippet":"max-snippet:-1","max-image-preview":"max-image-preview:large","max-video-preview":"max-video-preview:-1"},"canonical":"https:\/\/priegofont.es\/index.php\/servicios-de-riego-y-fontaneria\/","og_locale":"es_ES","og_type":"article","og_title":"Servicios de riego y fontaner\u00eda - Priegofont","og_description":"PRIEGOFONT ofrece servicios de riego y equipos de filtrado, fontaner\u00eda en hogares, empresas, comunidades e industrial, conducci\u00f3n de tuber\u00edas","og_url":"https:\/\/priegofont.es\/index.php\/servicios-de-riego-y-fontaneria\/","og_site_name":"Priegofont","article_modified_time":"2024-08-01T07:34:52+00:00","og_image":[{"url":"https:\/\/priegofont.es\/wp-content\/uploads\/sites\/54\/2024\/07\/riego.jpg"}],"twitter_card":"summary_large_image","twitter_misc":{"Tiempo de lectura":"3 minutos"},"schema":{"@context":"https:\/\/schema.org","@graph":[{"@type":"WebPage","@id":"https:\/\/priegofont.es\/index.php\/servicios-de-riego-y-fontaneria\/","url":"https:\/\/priegofont.es\/index.php\/servicios-de-riego-y-fontaneria\/","name":"Servicios de riego y fontaner\u00eda - Priegofont","isPartOf":{"@id":"https:\/\/priegofont.es\/#website"},"datePublished":"2024-08-01T07:17:00+00:00","dateModified":"2024-08-01T07:34:52+00:00","description":"PRIEGOFONT ofrece servicios de riego y equipos de filtrado, fontaner\u00eda en hogares, empresas, comunidades e industrial, conducci\u00f3n de tuber\u00edas","breadcrumb":{"@id":"https:\/\/priegofont.es\/index.php\/servicios-de-riego-y-fontaneria\/#breadcrumb"},"inLanguage":"es","potentialAction":[{"@type":"ReadAction","target":["https:\/\/priegofont.es\/index.php\/servicios-de-riego-y-fontaneria\/"]}]},{"@type":"BreadcrumbList","@id":"https:\/\/priegofont.es\/index.php\/servicios-de-riego-y-fontaneria\/#breadcrumb","itemListElement":[{"@type":"ListItem","position":1,"name":"Portada","item":"https:\/\/priegofont.es\/"},{"@type":"ListItem","position":2,"name":"Servicios"}]},{"@type":"WebSite","@id":"https:\/\/priegofont.es\/#website","url":"https:\/\/priegofont.es\/","name":"Priegofont","description":"Priegofont es una empresa especializada en el riego y fontaner\u00eda en Murcia","publisher":{"@id":"https:\/\/priegofont.es\/#organization"},"potentialAction":[{"@type":"SearchAction","target":{"@type":"EntryPoint","urlTemplate":"https:\/\/priegofont.es\/?s={search_term_string}"},"query-input":"required name=search_term_string"}],"inLanguage":"es"},{"@type":"Organization","@id":"https:\/\/priegofont.es\/#organization","name":"Priegofont","url":"https:\/\/priegofont.es\/","logo":{"@type":"ImageObject","inLanguage":"es","@id":"https:\/\/priegofont.es\/#\/schema\/logo\/image\/","url":"https:\/\/priegofont.es\/wp-content\/uploads\/sites\/54\/2024\/07\/logo-PRIEGOFONT-2.jpg","contentUrl":"https:\/\/priegofont.es\/wp-content\/uploads\/sites\/54\/2024\/07\/logo-PRIEGOFONT-2.jpg","width":600,"height":600,"caption":"Priegofont"},"image":{"@id":"https:\/\/priegofont.es\/#\/schema\/logo\/image\/"}}]}},"_links":{"self":[{"href":"https:\/\/priegofont.es\/index.php\/wp-json\/wp\/v2\/pages\/20"}],"collection":[{"href":"https:\/\/priegofont.es\/index.php\/wp-json\/wp\/v2\/pages"}],"about":[{"href":"https:\/\/priegofont.es\/index.php\/wp-json\/wp\/v2\/types\/page"}],"author":[{"embeddable":true,"href":"https:\/\/priegofont.es\/index.php\/wp-json\/wp\/v2\/users\/2"}],"replies":[{"embeddable":true,"href":"https:\/\/priegofont.es\/index.php\/wp-json\/wp\/v2\/comments?post=20"}],"version-history":[{"count":15,"href":"https:\/\/priegofont.es\/index.php\/wp-json\/wp\/v2\/pages\/20\/revisions"}],"predecessor-version":[{"id":764,"href":"https:\/\/priegofont.es\/index.php\/wp-json\/wp\/v2\/pages\/20\/revisions\/764"}],"wp:attachment":[{"href":"https:\/\/priegofont.es\/index.php\/wp-json\/wp\/v2\/media?parent=20"}],"curies":[{"name":"wp","href":"https:\/\/api.w.org\/{rel}","templated":true}]}}