	



	
{"id":18,"date":"2024-08-01T09:12:36","date_gmt":"2024-08-01T07:12:36","guid":{"rendered":"https:\/\/kitbase.webs.fococonsultores.es\/?page_id=18"},"modified":"2024-08-01T09:12:36","modified_gmt":"2024-08-01T07:12:36","slug":"nuestra-empresa-de-fontaneria","status":"publish","type":"page","link":"https:\/\/priegofont.es\/index.php\/nuestra-empresa-de-fontaneria\/","title":{"rendered":"Nosotros"},"content":{"rendered":"\n<div style=\"height:4vh\" aria-hidden=\"true\" class=\"wp-block-spacer\"><\/div>\n\n\n<div class=\"yoast-breadcrumbs\"><span><span><a href=\"https:\/\/priegofont.es\/\">Portada<\/a> \u00bb <span class=\"breadcrumb_last\" aria-current=\"page\">Nosotros<\/span><\/span><\/span><\/div>\n\n\n<div class=\"wp-block-cover alignfull is-light\"><span aria-hidden=\"true\" class=\"wp-block-cover__background has-white-background-color has-background-dim-100 has-background-dim\"><\/span><div class=\"wp-block-cover__inner-container\">\n<div class=\"is-layout-constrained wp-block-group\"><div class=\"wp-block-group__inner-container\">\n<div class=\"is-layout-flex wp-container-4 wp-block-columns\">\n<div class=\"is-layout-flow wp-block-column is-vertically-aligned-top\" style=\"flex-basis:50%\"><div class=\"wp-block-image\">\n<figure class=\"alignleft size-large\"><img decoding=\"async\" loading=\"lazy\" width=\"1024\" height=\"684\" src=\"https:\/\/priegofont.es\/wp-content\/uploads\/sites\/54\/2024\/07\/quienes_somos-1024x684.jpeg\" alt=\"Priegofont, im\u00e1genes y logo de nuestra empresa de fontaner\u00eda\" class=\"wp-image-715\" srcset=\"https:\/\/priegofont.es\/wp-content\/uploads\/sites\/54\/2024\/07\/quienes_somos-1024x684.jpeg 1024w, https:\/\/priegofont.es\/wp-content\/uploads\/sites\/54\/2024\/07\/quienes_somos-300x200.jpeg 300w, https:\/\/priegofont.es\/wp-content\/uploads\/sites\/54\/2024\/07\/quienes_somos-768x513.jpeg 768w, https:\/\/priegofont.es\/wp-content\/uploads\/sites\/54\/2024\/07\/quienes_somos-1536x1025.jpeg 1536w, https:\/\/priegofont.es\/wp-content\/uploads\/sites\/54\/2024\/07\/quienes_somos.jpeg 1600w\" sizes=\"(max-width: 1024px) 100vw, 1024px\" \/><\/figure><\/div><\/div>\n\n\n\n<div class=\"is-layout-flow wp-block-column is-vertically-aligned-center\">\n<h1 class=\"has-large-font-size\">Nuestra empresa<\/h1>\n\n\n\n<h2><strong>PRIEGOFONT <\/strong><\/h2>\n\n\n\n<p>Desde Priegofont 2020 SL, una empresa con ra\u00edces familiares, nos enorgullecemos de nuestra trayectoria en el sector del riego y la fontaner\u00eda. <\/p>\n\n\n\n<p>Fundados por el visionario Pedro Cano Carrillo, este proyecto comenz\u00f3 como un sue\u00f1o individual y, con el tiempo, se ha transformado en un referente de confianza y profesionalismo.<\/p>\n\n\n\n<p>Nuestro crecimiento sostenido es el resultado de la seriedad y el compromiso que demostramos d\u00eda a d\u00eda hacia nuestros clientes. Esta evoluci\u00f3n nos ha permitido no solo expandir nuestra gama de servicios sino tambi\u00e9n fortalecer nuestra posici\u00f3n en el mercado.<\/p>\n\n\n\n<p>Hoy, nuestro equipo est\u00e1 compuesto por expertos altamente cualificados, cuya pasi\u00f3n y dedicaci\u00f3n son el motor que impulsa nuestra empresa. Estamos comprometidos con la calidad, la eficiencia y la excelencia, valores que nos motivan a continuar evolucionando y a brindar soluciones vanguardistas en el mundo del riego y la fontaner\u00eda.<\/p>\n\n\n\n<p>En nuestra empresa de fontaner\u00eda y riegos ofrecemos <a href=\"https:\/\/priegofont.es\/index.php\/servicios-de-riego-y-fontaneria\/\">servicios<\/a> de asesoramiento personalizado y realizaci\u00f3n de instalaciones de riego y equipos de filtrado; realizaci\u00f3n de trabajos de fontaner\u00eda para hogares, empresas y comunidades y tambi\u00e9n de fontaner\u00eda industrial; realizaci\u00f3n de servicios de conducci\u00f3n de tuber\u00eda y venta de accesorios en una amplia variedad de tama\u00f1os y materiales. <\/p>\n\n\n\n<p>\u00a1<a href=\"https:\/\/priegofont.es\/index.php\/contacto\/\">Cont\u00e1ctenos<\/a> para obtener m\u00e1s informaci\u00f3n! <\/p>\n<\/div>\n\n\n\n<div class=\"is-layout-flow wp-block-column\" style=\"flex-basis:2%\"><\/div>\n<\/div>\n<\/div><\/div>\n<\/div><\/div>\n","protected":false},"excerpt":{"rendered":"","protected":false},"author":2,"featured_media":0,"parent":0,"menu_order":0,"comment_status":"closed","ping_status":"closed","template":"","meta":{"_mi_skip_tracking":false},"yoast_head":"<!-- This site is optimized with the Yoast SEO plugin v19.10 - https:\/\/yoast.com\/wordpress\/plugins\/seo\/ -->\n<title>Nuestra empresa de fontaner\u00eda - Priegofont<\/title>\n<meta name=\"description\" content=\"Priegofont es una empresa con ra\u00edces familiares, en el sector del riego y la fontaner\u00eda, con un equipo altamente cualificado\" \/>\n<meta name=\"robots\" content=\"index, follow, max-snippet:-1, max-image-preview:large, max-video-preview:-1\" \/>\n<link rel=\"canonical\" href=\"https:\/\/priegofont.es\/index.php\/nuestra-empresa-de-fontaneria\/\" \/>\n<meta property=\"og:locale\" content=\"es_ES\" \/>\n<meta property=\"og:type\" content=\"article\" \/>\n<meta property=\"og:title\" content=\"Nuestra empresa de fontaner\u00eda - Priegofont\" \/>\n<meta property=\"og:description\" content=\"Priegofont es una empresa con ra\u00edces familiares, en el sector del riego y la fontaner\u00eda, con un equipo altamente cualificado\" \/>\n<meta property=\"og:url\" content=\"https:\/\/priegofont.es\/index.php\/nuestra-empresa-de-fontaneria\/\" \/>\n<meta property=\"og:site_name\" content=\"Priegofont\" \/>\n<meta property=\"og:image\" content=\"https:\/\/priegofont.es\/wp-content\/uploads\/sites\/54\/2024\/07\/quienes_somos-1024x684.jpeg\" \/>\n<meta name=\"twitter:card\" content=\"summary_large_image\" \/>\n<meta name=\"twitter:label1\" content=\"Tiempo de lectura\" \/>\n\t<meta name=\"twitter:data1\" content=\"2 minutos\" \/>\n<script type=\"application\/ld+json\" class=\"yoast-schema-graph\">{\"@context\":\"https:\/\/schema.org\",\"@graph\":[{\"@type\":\"WebPage\",\"@id\":\"https:\/\/priegofont.es\/index.php\/nuestra-empresa-de-fontaneria\/\",\"url\":\"https:\/\/priegofont.es\/index.php\/nuestra-empresa-de-fontaneria\/\",\"name\":\"Nuestra empresa de fontaner\u00eda - Priegofont\",\"isPartOf\":{\"@id\":\"https:\/\/priegofont.es\/#website\"},\"datePublished\":\"2024-08-01T07:12:36+00:00\",\"dateModified\":\"2024-08-01T07:12:36+00:00\",\"description\":\"Priegofont es una empresa con ra\u00edces familiares, en el sector del riego y la fontaner\u00eda, con un equipo altamente cualificado\",\"breadcrumb\":{\"@id\":\"https:\/\/priegofont.es\/index.php\/nuestra-empresa-de-fontaneria\/#breadcrumb\"},\"inLanguage\":\"es\",\"potentialAction\":[{\"@type\":\"ReadAction\",\"target\":[\"https:\/\/priegofont.es\/index.php\/nuestra-empresa-de-fontaneria\/\"]}]},{\"@type\":\"BreadcrumbList\",\"@id\":\"https:\/\/priegofont.es\/index.php\/nuestra-empresa-de-fontaneria\/#breadcrumb\",\"itemListElement\":[{\"@type\":\"ListItem\",\"position\":1,\"name\":\"Portada\",\"item\":\"https:\/\/priegofont.es\/\"},{\"@type\":\"ListItem\",\"position\":2,\"name\":\"Nosotros\"}]},{\"@type\":\"WebSite\",\"@id\":\"https:\/\/priegofont.es\/#website\",\"url\":\"https:\/\/priegofont.es\/\",\"name\":\"Priegofont\",\"description\":\"Priegofont es una empresa especializada en el riego y fontaner\u00eda en Murcia\",\"publisher\":{\"@id\":\"https:\/\/priegofont.es\/#organization\"},\"potentialAction\":[{\"@type\":\"SearchAction\",\"target\":{\"@type\":\"EntryPoint\",\"urlTemplate\":\"https:\/\/priegofont.es\/?s={search_term_string}\"},\"query-input\":\"required name=search_term_string\"}],\"inLanguage\":\"es\"},{\"@type\":\"Organization\",\"@id\":\"https:\/\/priegofont.es\/#organization\",\"name\":\"Priegofont\",\"url\":\"https:\/\/priegofont.es\/\",\"logo\":{\"@type\":\"ImageObject\",\"inLanguage\":\"es\",\"@id\":\"https:\/\/priegofont.es\/#\/schema\/logo\/image\/\",\"url\":\"https:\/\/priegofont.es\/wp-content\/uploads\/sites\/54\/2024\/07\/logo-PRIEGOFONT-2.jpg\",\"contentUrl\":\"https:\/\/priegofont.es\/wp-content\/uploads\/sites\/54\/2024\/07\/logo-PRIEGOFONT-2.jpg\",\"width\":600,\"height\":600,\"caption\":\"Priegofont\"},\"image\":{\"@id\":\"https:\/\/priegofont.es\/#\/schema\/logo\/image\/\"}}]}<\/script>\n<!-- \/ Yoast SEO plugin. -->","yoast_head_json":{"title":"Nuestra empresa de fontaner\u00eda - Priegofont","description":"Priegofont es una empresa con ra\u00edces familiares, en el sector del riego y la fontaner\u00eda, con un equipo altamente cualificado","robots":{"index":"index","follow":"follow","max-snippet":"max-snippet:-1","max-image-preview":"max-image-preview:large","max-video-preview":"max-video-preview:-1"},"canonical":"https:\/\/priegofont.es\/index.php\/nuestra-empresa-de-fontaneria\/","og_locale":"es_ES","og_type":"article","og_title":"Nuestra empresa de fontaner\u00eda - Priegofont","og_description":"Priegofont es una empresa con ra\u00edces familiares, en el sector del riego y la fontaner\u00eda, con un equipo altamente cualificado","og_url":"https:\/\/priegofont.es\/index.php\/nuestra-empresa-de-fontaneria\/","og_site_name":"Priegofont","og_image":[{"url":"https:\/\/priegofont.es\/wp-content\/uploads\/sites\/54\/2024\/07\/quienes_somos-1024x684.jpeg"}],"twitter_card":"summary_large_image","twitter_misc":{"Tiempo de lectura":"2 minutos"},"schema":{"@context":"https:\/\/schema.org","@graph":[{"@type":"WebPage","@id":"https:\/\/priegofont.es\/index.php\/nuestra-empresa-de-fontaneria\/","url":"https:\/\/priegofont.es\/index.php\/nuestra-empresa-de-fontaneria\/","name":"Nuestra empresa de fontaner\u00eda - Priegofont","isPartOf":{"@id":"https:\/\/priegofont.es\/#website"},"datePublished":"2024-08-01T07:12:36+00:00","dateModified":"2024-08-01T07:12:36+00:00","description":"Priegofont es una empresa con ra\u00edces familiares, en el sector del riego y la fontaner\u00eda, con un equipo altamente cualificado","breadcrumb":{"@id":"https:\/\/priegofont.es\/index.php\/nuestra-empresa-de-fontaneria\/#breadcrumb"},"inLanguage":"es","potentialAction":[{"@type":"ReadAction","target":["https:\/\/priegofont.es\/index.php\/nuestra-empresa-de-fontaneria\/"]}]},{"@type":"BreadcrumbList","@id":"https:\/\/priegofont.es\/index.php\/nuestra-empresa-de-fontaneria\/#breadcrumb","itemListElement":[{"@type":"ListItem","position":1,"name":"Portada","item":"https:\/\/priegofont.es\/"},{"@type":"ListItem","position":2,"name":"Nosotros"}]},{"@type":"WebSite","@id":"https:\/\/priegofont.es\/#website","url":"https:\/\/priegofont.es\/","name":"Priegofont","description":"Priegofont es una empresa especializada en el riego y fontaner\u00eda en Murcia","publisher":{"@id":"https:\/\/priegofont.es\/#organization"},"potentialAction":[{"@type":"SearchAction","target":{"@type":"EntryPoint","urlTemplate":"https:\/\/priegofont.es\/?s={search_term_string}"},"query-input":"required name=search_term_string"}],"inLanguage":"es"},{"@type":"Organization","@id":"https:\/\/priegofont.es\/#organization","name":"Priegofont","url":"https:\/\/priegofont.es\/","logo":{"@type":"ImageObject","inLanguage":"es","@id":"https:\/\/priegofont.es\/#\/schema\/logo\/image\/","url":"https:\/\/priegofont.es\/wp-content\/uploads\/sites\/54\/2024\/07\/logo-PRIEGOFONT-2.jpg","contentUrl":"https:\/\/priegofont.es\/wp-content\/uploads\/sites\/54\/2024\/07\/logo-PRIEGOFONT-2.jpg","width":600,"height":600,"caption":"Priegofont"},"image":{"@id":"https:\/\/priegofont.es\/#\/schema\/logo\/image\/"}}]}},"_links":{"self":[{"href":"https:\/\/priegofont.es\/index.php\/wp-json\/wp\/v2\/pages\/18"}],"collection":[{"href":"https:\/\/priegofont.es\/index.php\/wp-json\/wp\/v2\/pages"}],"about":[{"href":"https:\/\/priegofont.es\/index.php\/wp-json\/wp\/v2\/types\/page"}],"author":[{"embeddable":true,"href":"https:\/\/priegofont.es\/index.php\/wp-json\/wp\/v2\/users\/2"}],"replies":[{"embeddable":true,"href":"https:\/\/priegofont.es\/index.php\/wp-json\/wp\/v2\/comments?post=18"}],"version-history":[{"count":25,"href":"https:\/\/priegofont.es\/index.php\/wp-json\/wp\/v2\/pages\/18\/revisions"}],"predecessor-version":[{"id":762,"href":"https:\/\/priegofont.es\/index.php\/wp-json\/wp\/v2\/pages\/18\/revisions\/762"}],"wp:attachment":[{"href":"https:\/\/priegofont.es\/index.php\/wp-json\/wp\/v2\/media?parent=18"}],"curies":[{"name":"wp","href":"https:\/\/api.w.org\/{rel}","templated":true}]}}